{"id":433,"date":"2025-07-01T07:39:06","date_gmt":"2025-07-01T06:39:06","guid":{"rendered":"https:\/\/emocancion.com\/avis-legal\/"},"modified":"2025-07-02T10:07:16","modified_gmt":"2025-07-02T09:07:16","slug":"avis-legal","status":"publish","type":"page","link":"https:\/\/emocancion.com\/ca\/avis-legal\/","title":{"rendered":"Av\u00eds Legal"},"content":{"rendered":"\t\t<div data-elementor-type=\"wp-page\" data-elementor-id=\"433\" class=\"elementor elementor-433 elementor-356\" data-elementor-post-type=\"page\">\n\t\t\t\t<div class=\"elementor-element elementor-element-4e51d5e e-con-full e-flex e-con e-parent\" data-id=\"4e51d5e\" data-element_type=\"container\" data-e-type=\"container\">\n\t\t<div class=\"elementor-element elementor-element-3b70622e e-flex e-con-boxed e-con e-child\" data-id=\"3b70622e\" data-element_type=\"container\" data-e-type=\"container\" data-settings=\"{&quot;background_background&quot;:&quot;classic&quot;}\">\n\t\t\t\t\t<div class=\"e-con-inner\">\n\t\t\t\t<div class=\"elementor-element elementor-element-652c3384 elementor-widget elementor-widget-heading\" data-id=\"652c3384\" data-element_type=\"widget\" data-e-type=\"widget\" data-widget_type=\"heading.default\">\n\t\t\t\t<div class=\"elementor-widget-container\">\n\t\t\t\t\t<h2 class=\"elementor-heading-title elementor-size-default\">AV\u00cdS LEGAL<\/h2>\t\t\t\t<\/div>\n\t\t\t\t<\/div>\n\t\t\t\t\t<\/div>\n\t\t\t\t<\/div>\n\t\t\t\t<\/div>\n\t\t<div class=\"elementor-element elementor-element-27185f90 e-flex e-con-boxed e-con e-parent\" data-id=\"27185f90\" data-element_type=\"container\" data-e-type=\"container\" data-settings=\"{&quot;background_background&quot;:&quot;classic&quot;}\">\n\t\t\t\t\t<div class=\"e-con-inner\">\n\t\t<div class=\"elementor-element elementor-element-7375483 e-con-full e-flex e-con e-child\" data-id=\"7375483\" data-element_type=\"container\" data-e-type=\"container\">\n\t\t\t\t<div class=\"elementor-element elementor-element-1c460e37 elementor-widget elementor-widget-text-editor\" data-id=\"1c460e37\" data-element_type=\"widget\" data-e-type=\"widget\" data-widget_type=\"text-editor.default\">\n\t\t\t\t<div class=\"elementor-widget-container\">\n\t\t\t\t\t\t\t\t\t<p data-pm-slice=\"1 1 []\"><strong>1. Informaci\u00f3 General<\/strong><\/p><p data-pm-slice=\"1 1 []\">En compliment amb all\u00f2 establert a la Llei 34\/2002 de Serveis de la Societat de la Informaci\u00f3 i de Comer\u00e7 Electr\u00f2nic (LSSI-CE), s&#8217;informa que aquesta p\u00e0gina web \u00e9s propietat de <em>David Izquierdo Castro<\/em> (DNI 46635168T), amb domicili al <em>C\/ Men\u00e9ndez Pelayo 12, 1r 2a, 087.<\/em> El nom comercial \u00e9s <em>Emocancion.com<\/em>.<\/p><p data-pm-slice=\"1 1 []\"><strong>2. Condicions d&#8217;\u00fas<\/strong><\/p><p data-pm-slice=\"1 1 []\">L&#8217;acc\u00e9s a la web <em>d&#8217;Emocancion.com<\/em> implica l&#8217;acceptaci\u00f3 de les condicions d&#8217;\u00fas presents. L&#8217;usuari es compromet a utilitzar aquesta web de forma l\u00edcita i a no realitzar activitats que puguin fer malb\u00e9 els drets de <em>David Izquierdo Castro<\/em> o de tercers.<\/p><p data-pm-slice=\"1 1 []\"><strong>3. Propietat Intel\u00b7lectual<\/strong><\/p><p>Tots els continguts, texts, imatges i logotips d&#8217;aquesta web s\u00f3n propietat de <em>David Izquierdo Castro<\/em> i estan protegits pels drets de propietat intel\u00b7lectual. No se&#8217;n permet la reproducci\u00f3, distribuci\u00f3 o modificaci\u00f3 sense l&#8217;autoritzaci\u00f3 pr\u00e8via del titular.<\/p><p><strong>4. Protecci\u00f3 de dades personals<\/strong><\/p><p>En compliment de la normativa vigent en mat\u00e8ria de protecci\u00f3 de dades, us informem que les dades personals proporcionades seran tractades conforme a la nostra <em>Pol\u00edtica de Privadesa.<\/em> Per a qualsevol consulta o exercici de drets, ens pots contactar a trav\u00e9s del correu electr\u00f2nic <a><em>hola@emocancion.com<\/em><\/a>.<\/p><p><strong>5. Limitaci\u00f3 de Responsabilitat<\/strong><\/p><p><em>David Izquierdo Castro<\/em> no es responsabilitza dels possibles errors o omissions en els continguts d&#8217;aquesta web, ni dels danys que se&#8217;n puguin derivar. Tamb\u00e9 es reserva el dret a modificar qualsevol contingut sense av\u00eds previ.<\/p><p><strong>6. Legislaci\u00f3 Aplicable i Jurisdicci\u00f3<\/strong><\/p><p>Aquestes condicions es regeixen per la legislaci\u00f3 espanyola. Qualsevol controv\u00e8rsia que pugui sorgir ser\u00e0 sotmesa als jutjats i als tribunals de Barcelona.<\/p>\t\t\t\t\t\t\t\t<\/div>\n\t\t\t\t<\/div>\n\t\t\t\t<\/div>\n\t\t\t\t\t<\/div>\n\t\t\t\t<\/div>\n\t\t\t\t<\/div>\n\t\t","protected":false},"excerpt":{"rendered":"<p>AV\u00cdS LEGAL 1. Informaci\u00f3 General En compliment amb all\u00f2 establert a la Llei 34\/2002 de Serveis de la Societat de la Informaci\u00f3 i de Comer\u00e7 Electr\u00f2nic (LSSI-CE), s&#8217;informa que aquesta p\u00e0gina web \u00e9s propietat de David Izquierdo Castro (DNI 46635168T), amb domicili al C\/ Men\u00e9ndez Pelayo 12, 1r 2a, 087. El nom comercial \u00e9s Emocancion.com. [&hellip;]<\/p>\n","protected":false},"author":1,"featured_media":0,"parent":0,"menu_order":0,"comment_status":"closed","ping_status":"closed","template":"","meta":{"footnotes":""},"class_list":["post-433","page","type-page","status-publish","hentry"],"yoast_head":"<!-- This site is optimized with the Yoast SEO plugin v27.3 - https:\/\/yoast.com\/product\/yoast-seo-wordpress\/ -->\n<title>Av\u00eds Legal - Emocancion<\/title>\n<meta name=\"robots\" content=\"index, follow, max-snippet:-1, max-image-preview:large, max-video-preview:-1\" \/>\n<link rel=\"canonical\" href=\"https:\/\/emocancion.com\/ca\/avis-legal\/\" \/>\n<meta property=\"og:locale\" content=\"ca_ES\" \/>\n<meta property=\"og:type\" content=\"article\" \/>\n<meta property=\"og:title\" content=\"Av\u00eds Legal - Emocancion\" \/>\n<meta property=\"og:description\" content=\"AV\u00cdS LEGAL 1. Informaci\u00f3 General En compliment amb all\u00f2 establert a la Llei 34\/2002 de Serveis de la Societat de la Informaci\u00f3 i de Comer\u00e7 Electr\u00f2nic (LSSI-CE), s&#8217;informa que aquesta p\u00e0gina web \u00e9s propietat de David Izquierdo Castro (DNI 46635168T), amb domicili al C\/ Men\u00e9ndez Pelayo 12, 1r 2a, 087. El nom comercial \u00e9s Emocancion.com. [&hellip;]\" \/>\n<meta property=\"og:url\" content=\"https:\/\/emocancion.com\/ca\/avis-legal\/\" \/>\n<meta property=\"og:site_name\" content=\"Emocancion\" \/>\n<meta property=\"article:modified_time\" content=\"2025-07-02T09:07:16+00:00\" \/>\n<meta name=\"twitter:card\" content=\"summary_large_image\" \/>\n<meta name=\"twitter:label1\" content=\"Temps estimat de lectura\" \/>\n\t<meta name=\"twitter:data1\" content=\"1 minut\" \/>\n<script type=\"application\/ld+json\" class=\"yoast-schema-graph\">{\"@context\":\"https:\\\/\\\/schema.org\",\"@graph\":[{\"@type\":\"WebPage\",\"@id\":\"https:\\\/\\\/emocancion.com\\\/ca\\\/avis-legal\\\/\",\"url\":\"https:\\\/\\\/emocancion.com\\\/ca\\\/avis-legal\\\/\",\"name\":\"Av\u00eds Legal - Emocancion\",\"isPartOf\":{\"@id\":\"https:\\\/\\\/emocancion.com\\\/ca\\\/#website\"},\"datePublished\":\"2025-07-01T06:39:06+00:00\",\"dateModified\":\"2025-07-02T09:07:16+00:00\",\"breadcrumb\":{\"@id\":\"https:\\\/\\\/emocancion.com\\\/ca\\\/avis-legal\\\/#breadcrumb\"},\"inLanguage\":\"ca\",\"potentialAction\":[{\"@type\":\"ReadAction\",\"target\":[\"https:\\\/\\\/emocancion.com\\\/ca\\\/avis-legal\\\/\"]}]},{\"@type\":\"BreadcrumbList\",\"@id\":\"https:\\\/\\\/emocancion.com\\\/ca\\\/avis-legal\\\/#breadcrumb\",\"itemListElement\":[{\"@type\":\"ListItem\",\"position\":1,\"name\":\"Home\",\"item\":\"https:\\\/\\\/emocancion.com\\\/ca\\\/inici\\\/\"},{\"@type\":\"ListItem\",\"position\":2,\"name\":\"Av\u00eds Legal\"}]},{\"@type\":\"WebSite\",\"@id\":\"https:\\\/\\\/emocancion.com\\\/ca\\\/#website\",\"url\":\"https:\\\/\\\/emocancion.com\\\/ca\\\/\",\"name\":\"Emocancion\",\"description\":\"\",\"publisher\":{\"@id\":\"https:\\\/\\\/emocancion.com\\\/ca\\\/#organization\"},\"potentialAction\":[{\"@type\":\"SearchAction\",\"target\":{\"@type\":\"EntryPoint\",\"urlTemplate\":\"https:\\\/\\\/emocancion.com\\\/ca\\\/?s={search_term_string}\"},\"query-input\":{\"@type\":\"PropertyValueSpecification\",\"valueRequired\":true,\"valueName\":\"search_term_string\"}}],\"inLanguage\":\"ca\"},{\"@type\":\"Organization\",\"@id\":\"https:\\\/\\\/emocancion.com\\\/ca\\\/#organization\",\"name\":\"Emocancion\",\"url\":\"https:\\\/\\\/emocancion.com\\\/ca\\\/\",\"logo\":{\"@type\":\"ImageObject\",\"inLanguage\":\"ca\",\"@id\":\"https:\\\/\\\/emocancion.com\\\/ca\\\/#\\\/schema\\\/logo\\\/image\\\/\",\"url\":\"https:\\\/\\\/emocancion.com\\\/wp-content\\\/uploads\\\/2025\\\/06\\\/emocancion-logo.png\",\"contentUrl\":\"https:\\\/\\\/emocancion.com\\\/wp-content\\\/uploads\\\/2025\\\/06\\\/emocancion-logo.png\",\"width\":859,\"height\":859,\"caption\":\"Emocancion\"},\"image\":{\"@id\":\"https:\\\/\\\/emocancion.com\\\/ca\\\/#\\\/schema\\\/logo\\\/image\\\/\"}}]}<\/script>\n<!-- \/ Yoast SEO plugin. -->","yoast_head_json":{"title":"Av\u00eds Legal - Emocancion","robots":{"index":"index","follow":"follow","max-snippet":"max-snippet:-1","max-image-preview":"max-image-preview:large","max-video-preview":"max-video-preview:-1"},"canonical":"https:\/\/emocancion.com\/ca\/avis-legal\/","og_locale":"ca_ES","og_type":"article","og_title":"Av\u00eds Legal - Emocancion","og_description":"AV\u00cdS LEGAL 1. Informaci\u00f3 General En compliment amb all\u00f2 establert a la Llei 34\/2002 de Serveis de la Societat de la Informaci\u00f3 i de Comer\u00e7 Electr\u00f2nic (LSSI-CE), s&#8217;informa que aquesta p\u00e0gina web \u00e9s propietat de David Izquierdo Castro (DNI 46635168T), amb domicili al C\/ Men\u00e9ndez Pelayo 12, 1r 2a, 087. El nom comercial \u00e9s Emocancion.com. [&hellip;]","og_url":"https:\/\/emocancion.com\/ca\/avis-legal\/","og_site_name":"Emocancion","article_modified_time":"2025-07-02T09:07:16+00:00","twitter_card":"summary_large_image","twitter_misc":{"Temps estimat de lectura":"1 minut"},"schema":{"@context":"https:\/\/schema.org","@graph":[{"@type":"WebPage","@id":"https:\/\/emocancion.com\/ca\/avis-legal\/","url":"https:\/\/emocancion.com\/ca\/avis-legal\/","name":"Av\u00eds Legal - Emocancion","isPartOf":{"@id":"https:\/\/emocancion.com\/ca\/#website"},"datePublished":"2025-07-01T06:39:06+00:00","dateModified":"2025-07-02T09:07:16+00:00","breadcrumb":{"@id":"https:\/\/emocancion.com\/ca\/avis-legal\/#breadcrumb"},"inLanguage":"ca","potentialAction":[{"@type":"ReadAction","target":["https:\/\/emocancion.com\/ca\/avis-legal\/"]}]},{"@type":"BreadcrumbList","@id":"https:\/\/emocancion.com\/ca\/avis-legal\/#breadcrumb","itemListElement":[{"@type":"ListItem","position":1,"name":"Home","item":"https:\/\/emocancion.com\/ca\/inici\/"},{"@type":"ListItem","position":2,"name":"Av\u00eds Legal"}]},{"@type":"WebSite","@id":"https:\/\/emocancion.com\/ca\/#website","url":"https:\/\/emocancion.com\/ca\/","name":"Emocancion","description":"","publisher":{"@id":"https:\/\/emocancion.com\/ca\/#organization"},"potentialAction":[{"@type":"SearchAction","target":{"@type":"EntryPoint","urlTemplate":"https:\/\/emocancion.com\/ca\/?s={search_term_string}"},"query-input":{"@type":"PropertyValueSpecification","valueRequired":true,"valueName":"search_term_string"}}],"inLanguage":"ca"},{"@type":"Organization","@id":"https:\/\/emocancion.com\/ca\/#organization","name":"Emocancion","url":"https:\/\/emocancion.com\/ca\/","logo":{"@type":"ImageObject","inLanguage":"ca","@id":"https:\/\/emocancion.com\/ca\/#\/schema\/logo\/image\/","url":"https:\/\/emocancion.com\/wp-content\/uploads\/2025\/06\/emocancion-logo.png","contentUrl":"https:\/\/emocancion.com\/wp-content\/uploads\/2025\/06\/emocancion-logo.png","width":859,"height":859,"caption":"Emocancion"},"image":{"@id":"https:\/\/emocancion.com\/ca\/#\/schema\/logo\/image\/"}}]}},"_links":{"self":[{"href":"https:\/\/emocancion.com\/ca\/wp-json\/wp\/v2\/pages\/433","targetHints":{"allow":["GET"]}}],"collection":[{"href":"https:\/\/emocancion.com\/ca\/wp-json\/wp\/v2\/pages"}],"about":[{"href":"https:\/\/emocancion.com\/ca\/wp-json\/wp\/v2\/types\/page"}],"author":[{"embeddable":true,"href":"https:\/\/emocancion.com\/ca\/wp-json\/wp\/v2\/users\/1"}],"replies":[{"embeddable":true,"href":"https:\/\/emocancion.com\/ca\/wp-json\/wp\/v2\/comments?post=433"}],"version-history":[{"count":1,"href":"https:\/\/emocancion.com\/ca\/wp-json\/wp\/v2\/pages\/433\/revisions"}],"predecessor-version":[{"id":434,"href":"https:\/\/emocancion.com\/ca\/wp-json\/wp\/v2\/pages\/433\/revisions\/434"}],"wp:attachment":[{"href":"https:\/\/emocancion.com\/ca\/wp-json\/wp\/v2\/media?parent=433"}],"curies":[{"name":"wp","href":"https:\/\/api.w.org\/{rel}","templated":true}]}}