{"id":415,"date":"2025-07-01T07:39:27","date_gmt":"2025-07-01T06:39:27","guid":{"rendered":"https:\/\/emocancion.com\/proteccio-de-dades\/"},"modified":"2025-07-01T15:34:28","modified_gmt":"2025-07-01T14:34:28","slug":"proteccio-de-dades","status":"publish","type":"page","link":"https:\/\/emocancion.com\/ca\/proteccio-de-dades\/","title":{"rendered":"Protecci\u00f3 de dades"},"content":{"rendered":"\t\t<div data-elementor-type=\"wp-page\" data-elementor-id=\"415\" class=\"elementor elementor-415 elementor-358\" data-elementor-post-type=\"page\">\n\t\t\t\t<div class=\"elementor-element elementor-element-4bd60224 e-con-full e-flex e-con e-parent\" data-id=\"4bd60224\" data-element_type=\"container\" data-e-type=\"container\">\n\t\t<div class=\"elementor-element elementor-element-186f417b e-flex e-con-boxed e-con e-child\" data-id=\"186f417b\" data-element_type=\"container\" data-e-type=\"container\" data-settings=\"{&quot;background_background&quot;:&quot;classic&quot;}\">\n\t\t\t\t\t<div class=\"e-con-inner\">\n\t\t\t\t<div class=\"elementor-element elementor-element-42f8da37 elementor-widget elementor-widget-heading\" data-id=\"42f8da37\" data-element_type=\"widget\" data-e-type=\"widget\" data-widget_type=\"heading.default\">\n\t\t\t\t<div class=\"elementor-widget-container\">\n\t\t\t\t\t<p class=\"elementor-heading-title elementor-size-default\">PROTECCI\u00d3 DE DADES<\/p>\t\t\t\t<\/div>\n\t\t\t\t<\/div>\n\t\t\t\t\t<\/div>\n\t\t\t\t<\/div>\n\t\t\t\t<\/div>\n\t\t<div class=\"elementor-element elementor-element-329b688d e-flex e-con-boxed e-con e-parent\" data-id=\"329b688d\" data-element_type=\"container\" data-e-type=\"container\" data-settings=\"{&quot;background_background&quot;:&quot;classic&quot;}\">\n\t\t\t\t\t<div class=\"e-con-inner\">\n\t\t<div class=\"elementor-element elementor-element-1d5d2d0 e-con-full e-flex e-con e-child\" data-id=\"1d5d2d0\" data-element_type=\"container\" data-e-type=\"container\">\n\t\t\t\t<div class=\"elementor-element elementor-element-74cf2109 elementor-widget elementor-widget-text-editor\" data-id=\"74cf2109\" data-element_type=\"widget\" data-e-type=\"widget\" data-widget_type=\"text-editor.default\">\n\t\t\t\t<div class=\"elementor-widget-container\">\n\t\t\t\t\t\t\t\t\t<p data-pm-slice=\"1 1 []\"><strong>1. Introducci\u00f3<\/strong><\/p><p data-pm-slice=\"1 1 []\">A <em>Emocancion.com<\/em>, propietat de David Izquierdo Castro (DNI 46635168T), ens comprometem a protegir la privadesa i seguretat de les dades personals dels nostres usuaris. Aquesta pol\u00edtica de privadesa explica com recopilem, utilitzem, emmagatzemem i protegim la teva informaci\u00f3.<\/p><p data-pm-slice=\"1 1 []\"><strong>2. Informaci\u00f3 que Recopilem<\/strong><\/p><p data-pm-slice=\"1 1 []\">Recopilem informaci\u00f3 personal que ens proporciones directament quan interactues amb la nostra web, com a nom, adre\u00e7a de correu electr\u00f2nic i qualsevol altra dada necess\u00e0ria per prestar els nostres serveis. Tamb\u00e9 podem recopilar dades autom\u00e0ticament a trav\u00e9s de galetes o tecnologies similars quan navegues per la nostra p\u00e0gina.<\/p><p data-pm-slice=\"1 1 []\"><strong>3. Finalitat del Tractament de les Dades<\/strong><\/p><p data-pm-slice=\"1 1 []\">Utilitzem les dades que recopilem per a:<\/p><p>-Proveir els nostres serveis.<\/p><p>-Comunicar-nos amb tu i oferir-te informaci\u00f3 rellevant.<\/p><p>-Millorar la nostra p\u00e0gina web i l&#8217;experi\u00e8ncia d&#8217;usuari.<\/p><p>-Complir les nostres obligacions legals.<\/p><p><strong>4. Compartici\u00f3 de Dades<\/strong><\/p><p>Les teves dades no seran compartides amb tercers, excepte quan sigui estrictament necessari per a la prestaci\u00f3 dels serveis o quan la llei ho exigeixi.<\/p><p><strong>5. Drets de l&#8217;Usuari<\/strong><\/p><p>Com a usuari, tens dret a accedir, rectificar o eliminar les teves dades, aix\u00ed com a oposar-te o limitar-ne el tractament. Per exercir els teus drets, pots contactar-nos al <em>c\/ Men\u00e9ndez Pelayo 12, 1r 2a, 08720 Vilafranca del Pened\u00e8s<\/em> o enviant un correu a<a><em> hola@emocancion.com<\/em><\/a>.<\/p><p><strong>6. Seguretat de les Dades<\/strong><\/p><p>Adoptem mesures de seguretat t\u00e8cniques i organitzatives per protegir les teves dades davant d&#8217;accessos no autoritzats, p\u00e8rdua o destrucci\u00f3.<\/p><p><strong>7. Modificacions a la Pol\u00edtica de Privadesa<\/strong><\/p><p>Ens reservem el dret de modificar aquesta pol\u00edtica de privadesa en qualsevol moment. Els canvis seran publicats a la nostra web.<\/p>\t\t\t\t\t\t\t\t<\/div>\n\t\t\t\t<\/div>\n\t\t\t\t<\/div>\n\t\t\t\t\t<\/div>\n\t\t\t\t<\/div>\n\t\t\t\t<\/div>\n\t\t","protected":false},"excerpt":{"rendered":"<p>PROTECCI\u00d3 DE DADES 1. Introducci\u00f3 A Emocancion.com, propietat de David Izquierdo Castro (DNI 46635168T), ens comprometem a protegir la privadesa i seguretat de les dades personals dels nostres usuaris. Aquesta pol\u00edtica de privadesa explica com recopilem, utilitzem, emmagatzemem i protegim la teva informaci\u00f3. 2. Informaci\u00f3 que Recopilem Recopilem informaci\u00f3 personal que ens proporciones directament quan [&hellip;]<\/p>\n","protected":false},"author":1,"featured_media":0,"parent":0,"menu_order":0,"comment_status":"closed","ping_status":"closed","template":"","meta":{"footnotes":""},"class_list":["post-415","page","type-page","status-publish","hentry"],"yoast_head":"<!-- This site is optimized with the Yoast SEO plugin v27.3 - https:\/\/yoast.com\/product\/yoast-seo-wordpress\/ -->\n<title>Protecci\u00f3 de dades - Emocancion<\/title>\n<meta name=\"robots\" content=\"index, follow, max-snippet:-1, max-image-preview:large, max-video-preview:-1\" \/>\n<link rel=\"canonical\" href=\"https:\/\/emocancion.com\/ca\/proteccio-de-dades\/\" \/>\n<meta property=\"og:locale\" content=\"ca_ES\" \/>\n<meta property=\"og:type\" content=\"article\" \/>\n<meta property=\"og:title\" content=\"Protecci\u00f3 de dades - Emocancion\" \/>\n<meta property=\"og:description\" content=\"PROTECCI\u00d3 DE DADES 1. Introducci\u00f3 A Emocancion.com, propietat de David Izquierdo Castro (DNI 46635168T), ens comprometem a protegir la privadesa i seguretat de les dades personals dels nostres usuaris. Aquesta pol\u00edtica de privadesa explica com recopilem, utilitzem, emmagatzemem i protegim la teva informaci\u00f3. 2. Informaci\u00f3 que Recopilem Recopilem informaci\u00f3 personal que ens proporciones directament quan [&hellip;]\" \/>\n<meta property=\"og:url\" content=\"https:\/\/emocancion.com\/ca\/proteccio-de-dades\/\" \/>\n<meta property=\"og:site_name\" content=\"Emocancion\" \/>\n<meta property=\"article:modified_time\" content=\"2025-07-01T14:34:28+00:00\" \/>\n<meta name=\"twitter:card\" content=\"summary_large_image\" \/>\n<meta name=\"twitter:label1\" content=\"Temps estimat de lectura\" \/>\n\t<meta name=\"twitter:data1\" content=\"1 minut\" \/>\n<script type=\"application\/ld+json\" class=\"yoast-schema-graph\">{\"@context\":\"https:\\\/\\\/schema.org\",\"@graph\":[{\"@type\":\"WebPage\",\"@id\":\"https:\\\/\\\/emocancion.com\\\/ca\\\/proteccio-de-dades\\\/\",\"url\":\"https:\\\/\\\/emocancion.com\\\/ca\\\/proteccio-de-dades\\\/\",\"name\":\"Protecci\u00f3 de dades - Emocancion\",\"isPartOf\":{\"@id\":\"https:\\\/\\\/emocancion.com\\\/ca\\\/#website\"},\"datePublished\":\"2025-07-01T06:39:27+00:00\",\"dateModified\":\"2025-07-01T14:34:28+00:00\",\"breadcrumb\":{\"@id\":\"https:\\\/\\\/emocancion.com\\\/ca\\\/proteccio-de-dades\\\/#breadcrumb\"},\"inLanguage\":\"ca\",\"potentialAction\":[{\"@type\":\"ReadAction\",\"target\":[\"https:\\\/\\\/emocancion.com\\\/ca\\\/proteccio-de-dades\\\/\"]}]},{\"@type\":\"BreadcrumbList\",\"@id\":\"https:\\\/\\\/emocancion.com\\\/ca\\\/proteccio-de-dades\\\/#breadcrumb\",\"itemListElement\":[{\"@type\":\"ListItem\",\"position\":1,\"name\":\"Home\",\"item\":\"https:\\\/\\\/emocancion.com\\\/ca\\\/inici\\\/\"},{\"@type\":\"ListItem\",\"position\":2,\"name\":\"Protecci\u00f3 de dades\"}]},{\"@type\":\"WebSite\",\"@id\":\"https:\\\/\\\/emocancion.com\\\/ca\\\/#website\",\"url\":\"https:\\\/\\\/emocancion.com\\\/ca\\\/\",\"name\":\"Emocancion\",\"description\":\"\",\"publisher\":{\"@id\":\"https:\\\/\\\/emocancion.com\\\/ca\\\/#organization\"},\"potentialAction\":[{\"@type\":\"SearchAction\",\"target\":{\"@type\":\"EntryPoint\",\"urlTemplate\":\"https:\\\/\\\/emocancion.com\\\/ca\\\/?s={search_term_string}\"},\"query-input\":{\"@type\":\"PropertyValueSpecification\",\"valueRequired\":true,\"valueName\":\"search_term_string\"}}],\"inLanguage\":\"ca\"},{\"@type\":\"Organization\",\"@id\":\"https:\\\/\\\/emocancion.com\\\/ca\\\/#organization\",\"name\":\"Emocancion\",\"url\":\"https:\\\/\\\/emocancion.com\\\/ca\\\/\",\"logo\":{\"@type\":\"ImageObject\",\"inLanguage\":\"ca\",\"@id\":\"https:\\\/\\\/emocancion.com\\\/ca\\\/#\\\/schema\\\/logo\\\/image\\\/\",\"url\":\"https:\\\/\\\/emocancion.com\\\/wp-content\\\/uploads\\\/2025\\\/06\\\/emocancion-logo.png\",\"contentUrl\":\"https:\\\/\\\/emocancion.com\\\/wp-content\\\/uploads\\\/2025\\\/06\\\/emocancion-logo.png\",\"width\":859,\"height\":859,\"caption\":\"Emocancion\"},\"image\":{\"@id\":\"https:\\\/\\\/emocancion.com\\\/ca\\\/#\\\/schema\\\/logo\\\/image\\\/\"}}]}<\/script>\n<!-- \/ Yoast SEO plugin. -->","yoast_head_json":{"title":"Protecci\u00f3 de dades - Emocancion","robots":{"index":"index","follow":"follow","max-snippet":"max-snippet:-1","max-image-preview":"max-image-preview:large","max-video-preview":"max-video-preview:-1"},"canonical":"https:\/\/emocancion.com\/ca\/proteccio-de-dades\/","og_locale":"ca_ES","og_type":"article","og_title":"Protecci\u00f3 de dades - Emocancion","og_description":"PROTECCI\u00d3 DE DADES 1. Introducci\u00f3 A Emocancion.com, propietat de David Izquierdo Castro (DNI 46635168T), ens comprometem a protegir la privadesa i seguretat de les dades personals dels nostres usuaris. Aquesta pol\u00edtica de privadesa explica com recopilem, utilitzem, emmagatzemem i protegim la teva informaci\u00f3. 2. Informaci\u00f3 que Recopilem Recopilem informaci\u00f3 personal que ens proporciones directament quan [&hellip;]","og_url":"https:\/\/emocancion.com\/ca\/proteccio-de-dades\/","og_site_name":"Emocancion","article_modified_time":"2025-07-01T14:34:28+00:00","twitter_card":"summary_large_image","twitter_misc":{"Temps estimat de lectura":"1 minut"},"schema":{"@context":"https:\/\/schema.org","@graph":[{"@type":"WebPage","@id":"https:\/\/emocancion.com\/ca\/proteccio-de-dades\/","url":"https:\/\/emocancion.com\/ca\/proteccio-de-dades\/","name":"Protecci\u00f3 de dades - Emocancion","isPartOf":{"@id":"https:\/\/emocancion.com\/ca\/#website"},"datePublished":"2025-07-01T06:39:27+00:00","dateModified":"2025-07-01T14:34:28+00:00","breadcrumb":{"@id":"https:\/\/emocancion.com\/ca\/proteccio-de-dades\/#breadcrumb"},"inLanguage":"ca","potentialAction":[{"@type":"ReadAction","target":["https:\/\/emocancion.com\/ca\/proteccio-de-dades\/"]}]},{"@type":"BreadcrumbList","@id":"https:\/\/emocancion.com\/ca\/proteccio-de-dades\/#breadcrumb","itemListElement":[{"@type":"ListItem","position":1,"name":"Home","item":"https:\/\/emocancion.com\/ca\/inici\/"},{"@type":"ListItem","position":2,"name":"Protecci\u00f3 de dades"}]},{"@type":"WebSite","@id":"https:\/\/emocancion.com\/ca\/#website","url":"https:\/\/emocancion.com\/ca\/","name":"Emocancion","description":"","publisher":{"@id":"https:\/\/emocancion.com\/ca\/#organization"},"potentialAction":[{"@type":"SearchAction","target":{"@type":"EntryPoint","urlTemplate":"https:\/\/emocancion.com\/ca\/?s={search_term_string}"},"query-input":{"@type":"PropertyValueSpecification","valueRequired":true,"valueName":"search_term_string"}}],"inLanguage":"ca"},{"@type":"Organization","@id":"https:\/\/emocancion.com\/ca\/#organization","name":"Emocancion","url":"https:\/\/emocancion.com\/ca\/","logo":{"@type":"ImageObject","inLanguage":"ca","@id":"https:\/\/emocancion.com\/ca\/#\/schema\/logo\/image\/","url":"https:\/\/emocancion.com\/wp-content\/uploads\/2025\/06\/emocancion-logo.png","contentUrl":"https:\/\/emocancion.com\/wp-content\/uploads\/2025\/06\/emocancion-logo.png","width":859,"height":859,"caption":"Emocancion"},"image":{"@id":"https:\/\/emocancion.com\/ca\/#\/schema\/logo\/image\/"}}]}},"_links":{"self":[{"href":"https:\/\/emocancion.com\/ca\/wp-json\/wp\/v2\/pages\/415","targetHints":{"allow":["GET"]}}],"collection":[{"href":"https:\/\/emocancion.com\/ca\/wp-json\/wp\/v2\/pages"}],"about":[{"href":"https:\/\/emocancion.com\/ca\/wp-json\/wp\/v2\/types\/page"}],"author":[{"embeddable":true,"href":"https:\/\/emocancion.com\/ca\/wp-json\/wp\/v2\/users\/1"}],"replies":[{"embeddable":true,"href":"https:\/\/emocancion.com\/ca\/wp-json\/wp\/v2\/comments?post=415"}],"version-history":[{"count":1,"href":"https:\/\/emocancion.com\/ca\/wp-json\/wp\/v2\/pages\/415\/revisions"}],"predecessor-version":[{"id":416,"href":"https:\/\/emocancion.com\/ca\/wp-json\/wp\/v2\/pages\/415\/revisions\/416"}],"wp:attachment":[{"href":"https:\/\/emocancion.com\/ca\/wp-json\/wp\/v2\/media?parent=415"}],"curies":[{"name":"wp","href":"https:\/\/api.w.org\/{rel}","templated":true}]}}